{"id":114,"date":"2020-11-14T10:59:54","date_gmt":"2020-11-14T10:59:54","guid":{"rendered":"https:\/\/wormup.ischsuper.ch\/?page_id=114"},"modified":"2021-05-19T22:37:07","modified_gmt":"2021-05-19T22:37:07","slug":"futterprotokoll","status":"publish","type":"page","link":"https:\/\/wormup.ischsuper.ch\/?page_id=114","title":{"rendered":"Futterprotokoll"},"content":{"rendered":"\n<p>Hier werden die regelm\u00e4ssigen F\u00fctterungen festgehalten. Dies soll einerseits der \u00dcbersicht f\u00fcr mich dienen und vielleicht auch mal als Richtwert f\u00fcr jemanden wie mich, der gerade neu anf\u00e4ngt.<\/p>\n\n\n\n<p>Die Mengenangaben in den folgenden Tabellen sind in Gramm, die Zahlen in Klammern () gibt die Prozent an.<\/p>\n\n\n\n<p>Zusammengefasst die lezten 7 Tage:<br><\/p>\n\n\n\n<p><\/p>\n\n\n\n<p>Die \u00e4lteren Futtergaben:<br><\/p>\n\n\n\n<p><\/p>\n\n\n\n<p><\/p>\n","protected":false},"excerpt":{"rendered":"<p>Hier werden die regelm\u00e4ssigen F\u00fctterungen festgehalten. Dies soll einerseits der \u00dcbersicht f\u00fcr mich dienen und vielleicht auch mal als Richtwert f\u00fcr jemanden wie mich, der gerade neu anf\u00e4ngt. Die Mengenangaben in den folgenden Tabellen sind in Gramm, die Zahlen in Klammern () gibt die Prozent an. Zusammengefasst die lezten 7 Tage: Die \u00e4lteren Futtergaben:<\/p>\n","protected":false},"author":2,"featured_media":99,"parent":0,"menu_order":3,"comment_status":"closed","ping_status":"closed","template":"","meta":{"footnotes":""},"class_list":["post-114","page","type-page","status-publish","has-post-thumbnail","hentry"],"_links":{"self":[{"href":"https:\/\/wormup.ischsuper.ch\/index.php?rest_route=\/wp\/v2\/pages\/114","targetHints":{"allow":["GET"]}}],"collection":[{"href":"https:\/\/wormup.ischsuper.ch\/index.php?rest_route=\/wp\/v2\/pages"}],"about":[{"href":"https:\/\/wormup.ischsuper.ch\/index.php?rest_route=\/wp\/v2\/types\/page"}],"author":[{"embeddable":true,"href":"https:\/\/wormup.ischsuper.ch\/index.php?rest_route=\/wp\/v2\/users\/2"}],"replies":[{"embeddable":true,"href":"https:\/\/wormup.ischsuper.ch\/index.php?rest_route=%2Fwp%2Fv2%2Fcomments&post=114"}],"version-history":[{"count":15,"href":"https:\/\/wormup.ischsuper.ch\/index.php?rest_route=\/wp\/v2\/pages\/114\/revisions"}],"predecessor-version":[{"id":249,"href":"https:\/\/wormup.ischsuper.ch\/index.php?rest_route=\/wp\/v2\/pages\/114\/revisions\/249"}],"wp:featuredmedia":[{"embeddable":true,"href":"https:\/\/wormup.ischsuper.ch\/index.php?rest_route=\/wp\/v2\/media\/99"}],"wp:attachment":[{"href":"https:\/\/wormup.ischsuper.ch\/index.php?rest_route=%2Fwp%2Fv2%2Fmedia&parent=114"}],"curies":[{"name":"wp","href":"https:\/\/api.w.org\/{rel}","templated":true}]}}