{"id":9,"date":"2020-10-26T16:11:50","date_gmt":"2020-10-26T16:11:50","guid":{"rendered":"https:\/\/wormup.ischsuper.ch\/?page_id=9"},"modified":"2020-11-14T11:05:56","modified_gmt":"2020-11-14T11:05:56","slug":"erstes-semester","status":"publish","type":"page","link":"https:\/\/wormup.ischsuper.ch\/?page_id=9","title":{"rendered":"erstes Semester"},"content":{"rendered":"<ul class=\"wp-block-latest-posts__list wp-block-latest-posts\"><li><a class=\"wp-block-latest-posts__post-title\" href=\"https:\/\/wormup.ischsuper.ch\/?p=208\">Wo bleiben die Updates?<\/a><div class=\"wp-block-latest-posts__post-excerpt\">&#8222;es gibt ja fast keine Updates zu deinen W\u00fcrmern&#8220; sprach mich k\u00fcrzlich jemand an. Hm stimmt das ist leider so. Wieso denn eigentlich? Was ist denn geschehen in der Zwischenzeit? Leben sie noch, sind sie davon gelaufen? Nun&#8230; Anfangs lief alles eigentlich sehr gut. Ich freute mich \u00fcber die gefr\u00e4ssigen W\u00fcrmer und war nach kurzer&#8230;<\/div><\/li>\n<li><a class=\"wp-block-latest-posts__post-title\" href=\"https:\/\/wormup.ischsuper.ch\/?p=210\">Die Sache mit dem Futterprotokoll<\/a><div class=\"wp-block-latest-posts__post-excerpt\">Ah ja da war dann noch die Seite mit dem Futterprotokoll. Ich hatte mir dies irgendwie einfacher vorgestellt mit dem aktualisieren Aber jedes mal beim F\u00fcttern &#8211; passiert ja irgendwie vor, nach oder w\u00e4hrend dem Kochen, wenn auch die Abf\u00e4lle anfallen &#8211; dann auch noch den PC starten, und die Seite bearbeiten mit den Futterdaten&#8230;.<\/div><\/li>\n<li><a class=\"wp-block-latest-posts__post-title\" href=\"https:\/\/wormup.ischsuper.ch\/?p=107\">der Einzug Teil 2 &#8211; der Erste Kontakt<\/a><div class=\"wp-block-latest-posts__post-excerpt\">Ich konnte nicht mehr. Ich musste den Sack jetzt einfach \u00f6ffnen. Es gab kein Halten und Warten mehr Ich bin schon sehr stolz, dass ich es noch geschafft habe, den noch verschlossenen Sack zu Fotografieren. Jetzt aber rein in den Komposter damit, sonst springen die W\u00fcrmer noch entgegen und ich muss sie allesamt wieder einfangen&#8230;.<\/div><\/li>\n<li><a class=\"wp-block-latest-posts__post-title\" href=\"https:\/\/wormup.ischsuper.ch\/?p=85\">der Einzug Teil 1 &#8211; die l\u00e4ngste Woche<\/a><div class=\"wp-block-latest-posts__post-excerpt\">Endlich wurde die Ankunft angek\u00fcndigt. doch bis zum Einzug ins neue Heim ist es noch ein weiter Weg&#8230;<\/div><\/li>\n<li><a class=\"wp-block-latest-posts__post-title\" href=\"https:\/\/wormup.ischsuper.ch\/?p=67\">Der Komposter ist da&#8230;<\/a><div class=\"wp-block-latest-posts__post-excerpt\">Endlich, der Lang ersehnte Komposter ist gestern eingetroffen. jetzt fehlen nur noch die Bewohner. Nichts ahnend im Homeoffice am arbeiten, wollte ich doch nur kurz einen Kaffee holen. T\u00fcre auf vom Arbeitszimmer und beinahe \u00fcber die grosse Kiste gestolpert. Nachbars sind am Umziehen und haben den Boten vermutlich direkt abgefangen und mir das Paket vor&#8230;<\/div><\/li>\n<\/ul>","protected":false},"excerpt":{"rendered":"","protected":false},"author":1,"featured_media":0,"parent":0,"menu_order":0,"comment_status":"closed","ping_status":"closed","template":"","meta":{"footnotes":""},"class_list":["post-9","page","type-page","status-publish","hentry"],"_links":{"self":[{"href":"https:\/\/wormup.ischsuper.ch\/index.php?rest_route=\/wp\/v2\/pages\/9","targetHints":{"allow":["GET"]}}],"collection":[{"href":"https:\/\/wormup.ischsuper.ch\/index.php?rest_route=\/wp\/v2\/pages"}],"about":[{"href":"https:\/\/wormup.ischsuper.ch\/index.php?rest_route=\/wp\/v2\/types\/page"}],"author":[{"embeddable":true,"href":"https:\/\/wormup.ischsuper.ch\/index.php?rest_route=\/wp\/v2\/users\/1"}],"replies":[{"embeddable":true,"href":"https:\/\/wormup.ischsuper.ch\/index.php?rest_route=%2Fwp%2Fv2%2Fcomments&post=9"}],"version-history":[{"count":2,"href":"https:\/\/wormup.ischsuper.ch\/index.php?rest_route=\/wp\/v2\/pages\/9\/revisions"}],"predecessor-version":[{"id":119,"href":"https:\/\/wormup.ischsuper.ch\/index.php?rest_route=\/wp\/v2\/pages\/9\/revisions\/119"}],"wp:attachment":[{"href":"https:\/\/wormup.ischsuper.ch\/index.php?rest_route=%2Fwp%2Fv2%2Fmedia&parent=9"}],"curies":[{"name":"wp","href":"https:\/\/api.w.org\/{rel}","templated":true}]}}